{"id":747,"date":"2024-06-13T13:00:36","date_gmt":"2024-06-13T13:00:36","guid":{"rendered":"https:\/\/2025.medicinafunctionala.ro\/educatie\/sedinte-de-intrebari\/"},"modified":"2025-05-01T17:37:19","modified_gmt":"2025-05-01T17:37:19","slug":"sedinte-de-intrebari","status":"publish","type":"page","link":"https:\/\/medicinafunctionala.ro\/en\/educatie\/sedinte-de-intrebari\/","title":{"rendered":"\u0218edin\u0163e de \u00eentreb\u0103ri"},"content":{"rendered":"\n<div\n        class=\"ff-content-element-course-header position-relative pt-10 alignfull bg-dark \"\n        id=\"\"\n>\n    <div class=\"bg logo-pattern logo-pattern-white-mild parallax-bg\" role=\"presentation\"><\/div>\n\n    <div class=\"container-wide position-relative z-1\">\n\n        <div class=\"inner-blocks p-3 p-md-5 bg-white\">\n            <div id='ff-portal' template=\"[[&quot;core\\\/heading&quot;,{&quot;placeholder&quot;:&quot;Lorem ipsum&quot;,&quot;level&quot;:3}],[&quot;core\\\/paragraph&quot;,{&quot;placeholder&quot;:&quot;Lorem ipsum&quot;}]]\" templateLock=\"&quot;all&quot;\"><\/div>        <\/div>\n\n        <div class=\"row image-row\">\n            <div class=\"col-md-4\">\n            <\/div>\n            <div class=\"col-md-8 p-0\">\n                                    <img decoding=\"async\" class=\"block-image img-fluid\" src=\"https:\/\/medicinafunctionala.ro\/wp-content\/uploads\/2024\/06\/iStock-1472033620.jpg\"\n                         alt=\"\">\n                            <\/div>\n        <\/div>\n    <\/div>\n    <div class=\"after\" role=\"presentation\"><\/div>\n<\/div>\n","protected":false},"excerpt":{"rendered":"","protected":false},"author":1,"featured_media":0,"parent":746,"menu_order":4,"comment_status":"closed","ping_status":"closed","template":"","meta":{"_acf_changed":false,"footnotes":""},"class_list":["post-747","page","type-page","status-publish","hentry"],"acf":[],"_links":{"self":[{"href":"https:\/\/medicinafunctionala.ro\/en\/wp-json\/wp\/v2\/pages\/747","targetHints":{"allow":["GET"]}}],"collection":[{"href":"https:\/\/medicinafunctionala.ro\/en\/wp-json\/wp\/v2\/pages"}],"about":[{"href":"https:\/\/medicinafunctionala.ro\/en\/wp-json\/wp\/v2\/types\/page"}],"author":[{"embeddable":true,"href":"https:\/\/medicinafunctionala.ro\/en\/wp-json\/wp\/v2\/users\/1"}],"replies":[{"embeddable":true,"href":"https:\/\/medicinafunctionala.ro\/en\/wp-json\/wp\/v2\/comments?post=747"}],"version-history":[{"count":1,"href":"https:\/\/medicinafunctionala.ro\/en\/wp-json\/wp\/v2\/pages\/747\/revisions"}],"predecessor-version":[{"id":1844,"href":"https:\/\/medicinafunctionala.ro\/en\/wp-json\/wp\/v2\/pages\/747\/revisions\/1844"}],"up":[{"embeddable":true,"href":"https:\/\/medicinafunctionala.ro\/en\/wp-json\/wp\/v2\/pages\/746"}],"wp:attachment":[{"href":"https:\/\/medicinafunctionala.ro\/en\/wp-json\/wp\/v2\/media?parent=747"}],"curies":[{"name":"wp","href":"https:\/\/api.w.org\/{rel}","templated":true}]}}