{"id":740,"date":"2024-06-17T07:33:18","date_gmt":"2024-06-17T07:33:18","guid":{"rendered":"https:\/\/2025.medicinafunctionala.ro\/informatii\/despre-medicina-functionala\/"},"modified":"2024-06-17T07:33:18","modified_gmt":"2024-06-17T07:33:18","slug":"despre-medicina-functionala","status":"publish","type":"page","link":"https:\/\/medicinafunctionala.ro\/en\/informatii\/despre-medicina-functionala\/","title":{"rendered":"Despre Medicina Func\u0163ional\u0103"},"content":{"rendered":"\n<div\n        class=\"ff-content-element-course-header position-relative pt-10 alignfull bg-dark \"\n        id=\"\"\n>\n    <div class=\"bg logo-pattern logo-pattern-white-mild parallax-bg\" role=\"presentation\"><\/div>\n\n    <div class=\"container-wide position-relative z-1\">\n\n        <div class=\"inner-blocks p-3 p-md-5 bg-white\">\n            <div id='ff-portal' template=\"[[&quot;core\\\/heading&quot;,{&quot;placeholder&quot;:&quot;Lorem ipsum&quot;,&quot;level&quot;:3}],[&quot;core\\\/paragraph&quot;,{&quot;placeholder&quot;:&quot;Lorem ipsum&quot;}]]\" templateLock=\"&quot;all&quot;\"><\/div>        <\/div>\n\n        <div class=\"row image-row\">\n            <div class=\"col-md-4\">\n            <\/div>\n            <div class=\"col-md-8 p-0\">\n                                    <img decoding=\"async\" class=\"block-image img-fluid\" src=\"https:\/\/medicinafunctionala.ro\/wp-content\/uploads\/2024\/06\/cctv-ai-facial-recognition-camera-zoom-recognizes-person-1-scaled.jpg\"\n                         alt=\"\">\n                            <\/div>\n        <\/div>\n    <\/div>\n    <div class=\"after\" role=\"presentation\"><\/div>\n<\/div>\n\n\n\n<div class=\"wp-block-group alignfull is-style-top-home is-layout-constrained wp-block-group-is-layout-constrained\">\n<div class=\"wp-block-group has-white-background-color has-background is-layout-constrained wp-block-group-is-layout-constrained\">\n<p class=\"has-dark-color has-text-color has-link-color wp-elements-cabfd50bc2be37ec228183eb11fe4b31\">Aceast\u0103 abordare inovatoare pune accentul pe colaborarea activ\u0103 dintre medic \u0219i pacient, cu pacientul \u00een centrul procesului de \u00eengrijire medical\u0103. Prin utilizarea testelor de laborator avansate \u0219i a evalu\u0103rilor func\u0163ionale, medicii ob\u0163in o \u00een\u0163elegere detaliat\u0103 a biologiei individuale a pacien\u0163ilor \u0219i pot dezvolta planuri de tratament personalizate, adaptate nevoilor specifice ale fiec\u0103rei persoane.<\/p>\n\n\n\n<p class=\"has-dark-color has-text-color has-link-color wp-elements-e108dc575e86341b89f432ed9691bacd\">Medicina func\u0163ional\u0103 nu se limiteaz\u0103 la tratarea bolilor, ci vizeaz\u0103 optimizarea s\u0103n\u0103t\u0103\u0163ii \u0219i prevenirea afec\u0163iunilor, \u00eencuraj\u00e2nd pacien\u0163ii s\u0103 \u00ee\u0219i asume controlul asupra propriei lor st\u0103ri de s\u0103n\u0103tate prin modific\u0103ri ale stilului de via\u0163\u0103 \u0219i ale alimenta\u0163iei.<\/p>\n\n\n\n<p class=\"has-dark-color has-text-color has-link-color wp-elements-c80f3dc09d3dce3796b1fb3c5b38d056\">Prin abordarea sa comprehensiv\u0103, bazat\u0103 pe \u0219tiin\u0163\u0103 \u0219i umanitate, medicina func\u0163ional\u0103 reprezint\u0103 viitorul medicinei, oferind solu\u0163ii eficiente \u0219i personalizate pentru s\u0103n\u0103tatea \u0219i bun\u0103starea indivizilor.<\/p>\n<\/div>\n<\/div>\n\n\n\n<div class=\"wp-block-group alignfull is-style-top-home is-layout-constrained wp-block-group-is-layout-constrained\">\n<div class=\"wp-block-group has-white-background-color has-background is-layout-constrained wp-block-group-is-layout-constrained\">\n<h2 class=\"wp-block-heading has-dark-color has-text-color has-link-color wp-elements-10c0e0da2af7110c5488ee0e7871b380\">Scurt Istoric<\/h2>\n\n\n\n<div class=\"wp-block-columns is-layout-flex wp-container-core-columns-is-layout-28f84493 wp-block-columns-is-layout-flex\">\n<div class=\"wp-block-column is-layout-flow wp-block-column-is-layout-flow\">\n<p class=\"has-dark-color has-text-color has-link-color wp-elements-e668b41585d9fbe5c0a1d3f90e68768b\">Istoria medicinei func\u0163ionale este una plin\u0103 de inova\u0163ie \u0219i pionierat, cu contribu\u0163ii remarcabile de la diver\u0219i practicieni medicali. \u00cen anii &#8217;90, Dr. Jeffrey Bland \u0219i Dr. Sidney Baker au fost printre primii care au promovat o abordare holistic\u0103 \u0219i personalizat\u0103 \u00een tratarea pacien\u0163ilor, focaliz\u00e2ndu-se pe identificarea \u0219i tratamentul cauzelor profunde ale bolilor, marc\u00e2nd \u00eenceputul medicinei func\u0163ionale.<\/p>\n\n\n\n<p class=\"has-dark-color has-text-color has-link-color wp-elements-337ea54c7b3b9bd9b501093397fabe90\">Ulterior, Dr. Datis Kharrazian, un exponent de frunte al medicinei func\u0163ionale \u0219i autor de c\u0103r\u0163i de referin\u0163\u0103, a contribuit semnificativ la dezvoltarea \u0219i popularizarea acestui domeniu. Prin lucr\u0103rile sale, a explorat interac\u0163iunile complexe dintre sistemul imunitar, creier \u0219i sistemul endocrin, oferind noi perspective asupra diagnosticului \u0219i tratamentului unor afec\u0163iuni precum bolile autoimune, tulbur\u0103rile neurologice \u0219i dezechilibrele hormonale.<\/p>\n\n\n\n<p class=\"has-dark-color has-text-color has-link-color wp-elements-f78c6c5569c4333898ca2c8ac7e8afd9\">Astfel, Dr. Robert Barring a fost cel care a introdus medicina func\u0163ional\u0103 \u00een Europa, marc\u00e2nd o contribu\u0163ie decisiv\u0103 la evolu\u0163ia acestui domeniu.<br>Ast\u0103zi, medicina func\u0163ional\u0103 continu\u0103 s\u0103 c\u00e2\u0219tige tot mai mult\u0103 recunoa\u0219tere \u0219i popularitate, atr\u0103g\u00e2nd interesul profesioni\u0219tilor din domeniul s\u0103n\u0103t\u0103\u0163ii \u0219i al pacien\u0163ilor dornici s\u0103 exploreze alternative mai holistice \u0219i mai eficiente la medicina tradi\u0163ional\u0103. Cu avansul tehnologic \u0219i dezvoltarea cercet\u0103rii \u00een domenii precum genomica, microbiomul \u0219i metabolomul, medicina func\u0163ional\u0103 devine tot mai sofisticat\u0103, oferind solu\u0163ii personalizate \u0219i eficiente pentru \u00eengrijirea s\u0103n\u0103t\u0103\u0163ii.<\/p>\n\n\n\n<p class=\"has-dark-color has-text-color has-link-color wp-elements-ff672a8c6e2340e6ec86f40e8965b2b1\">Medicina func\u0163ional\u0103 reprezint\u0103 ast\u0103zi o viziune medical\u0103 \u00een plin\u0103 ascensiune, c\u0103utat\u0103 pentru abordarea sa integrativ\u0103, bazat\u0103 pe dovezi \u0219tiin\u0163ifice \u0219i orientat\u0103 c\u0103tre pacient. Este recunoscut\u0103 ca fiind o modalitate eficient\u0103 \u0219i uman\u0103 de \u00eengrijire medical\u0103, cu poten\u0163ialul de a transforma sistemul actual de s\u0103n\u0103tate \u0219i de a \u00eembun\u0103t\u0103\u0163i via\u0163a milioanelor de oameni din \u00eentreaga lume.<\/p>\n<\/div>\n\n\n\n<div class=\"wp-block-column is-layout-flow wp-block-column-is-layout-flow\">\n<figure class=\"wp-block-image size-large\"><img loading=\"lazy\" decoding=\"async\" width=\"819\" height=\"1024\" src=\"https:\/\/medicinafunctionala.ro\/wp-content\/uploads\/2024\/06\/header-bg-819x1024.jpg\" alt=\"\" class=\"wp-image-382\" srcset=\"https:\/\/medicinafunctionala.ro\/wp-content\/uploads\/2024\/06\/header-bg-819x1024.jpg 819w, https:\/\/medicinafunctionala.ro\/wp-content\/uploads\/2024\/06\/header-bg-600x750.jpg 600w, https:\/\/medicinafunctionala.ro\/wp-content\/uploads\/2024\/06\/header-bg-240x300.jpg 240w, https:\/\/medicinafunctionala.ro\/wp-content\/uploads\/2024\/06\/header-bg-768x960.jpg 768w, https:\/\/medicinafunctionala.ro\/wp-content\/uploads\/2024\/06\/header-bg-1229x1536.jpg 1229w, https:\/\/medicinafunctionala.ro\/wp-content\/uploads\/2024\/06\/header-bg-32x40.jpg 32w, https:\/\/medicinafunctionala.ro\/wp-content\/uploads\/2024\/06\/header-bg-1280x1600.jpg 1280w, https:\/\/medicinafunctionala.ro\/wp-content\/uploads\/2024\/06\/header-bg.jpg 1600w\" sizes=\"auto, (max-width: 819px) 100vw, 819px\" \/><\/figure>\n<\/div>\n<\/div>\n<\/div>\n<\/div>\n\n\n\n<p><\/p>\n","protected":false},"excerpt":{"rendered":"<p>Aceast\u0103 abordare inovatoare pune accentul pe colaborarea activ\u0103 dintre medic \u0219i pacient, cu pacientul \u00een centrul procesului de \u00eengrijire medical\u0103. Prin utilizarea testelor de laborator avansate \u0219i a evalu\u0103rilor func\u0163ionale, medicii ob\u0163in o \u00een\u0163elegere detaliat\u0103 a biologiei individuale a pacien\u0163ilor \u0219i pot dezvolta planuri de tratament personalizate, adaptate nevoilor specifice ale fiec\u0103rei persoane. Medicina func\u0163ional\u0103 [&hellip;]<\/p>\n","protected":false},"author":1,"featured_media":0,"parent":729,"menu_order":1,"comment_status":"closed","ping_status":"closed","template":"","meta":{"_acf_changed":false,"footnotes":""},"class_list":["post-740","page","type-page","status-publish","hentry"],"acf":[],"_links":{"self":[{"href":"https:\/\/medicinafunctionala.ro\/en\/wp-json\/wp\/v2\/pages\/740","targetHints":{"allow":["GET"]}}],"collection":[{"href":"https:\/\/medicinafunctionala.ro\/en\/wp-json\/wp\/v2\/pages"}],"about":[{"href":"https:\/\/medicinafunctionala.ro\/en\/wp-json\/wp\/v2\/types\/page"}],"author":[{"embeddable":true,"href":"https:\/\/medicinafunctionala.ro\/en\/wp-json\/wp\/v2\/users\/1"}],"replies":[{"embeddable":true,"href":"https:\/\/medicinafunctionala.ro\/en\/wp-json\/wp\/v2\/comments?post=740"}],"version-history":[{"count":0,"href":"https:\/\/medicinafunctionala.ro\/en\/wp-json\/wp\/v2\/pages\/740\/revisions"}],"up":[{"embeddable":true,"href":"https:\/\/medicinafunctionala.ro\/en\/wp-json\/wp\/v2\/pages\/729"}],"wp:attachment":[{"href":"https:\/\/medicinafunctionala.ro\/en\/wp-json\/wp\/v2\/media?parent=740"}],"curies":[{"name":"wp","href":"https:\/\/api.w.org\/{rel}","templated":true}]}}