{"id":738,"date":"2024-10-09T20:16:12","date_gmt":"2024-10-09T20:16:12","guid":{"rendered":"https:\/\/2025.medicinafunctionala.ro\/curs-introductiv\/"},"modified":"2025-05-18T14:34:39","modified_gmt":"2025-05-18T14:34:39","slug":"introductiv","status":"publish","type":"page","link":"https:\/\/medicinafunctionala.ro\/en\/educatie\/introductiv\/","title":{"rendered":"Simpozion Introductiv"},"content":{"rendered":"\n<div\n        class=\"ff-content-element-course-header position-relative pt-10 alignfull bg-dark \"\n        id=\"\"\n>\n    <div class=\"bg logo-pattern logo-pattern-white-mild parallax-bg\" role=\"presentation\"><\/div>\n\n    <div class=\"container-wide position-relative z-1\">\n\n        <div class=\"inner-blocks p-3 p-md-5 bg-white\">\n            <div id='ff-portal' template=\"[[&quot;core\\\/heading&quot;,{&quot;placeholder&quot;:&quot;Lorem ipsum&quot;,&quot;level&quot;:3}],[&quot;core\\\/paragraph&quot;,{&quot;placeholder&quot;:&quot;Lorem ipsum&quot;}]]\" templateLock=\"&quot;all&quot;\"><\/div>        <\/div>\n\n        <div class=\"row image-row\">\n            <div class=\"col-md-4\">\n            <\/div>\n            <div class=\"col-md-8 p-0\">\n                                    <img decoding=\"async\" class=\"block-image img-fluid\" src=\"https:\/\/medicinafunctionala.ro\/wp-content\/uploads\/2025\/03\/Illustrator_1dKC8OuP22.png\"\n                         alt=\"\">\n                            <\/div>\n        <\/div>\n    <\/div>\n    <div class=\"after\" role=\"presentation\"><\/div>\n<\/div>\n\n\n\n<div class=\"wp-block-columns is-layout-flex wp-container-core-columns-is-layout-28f84493 wp-block-columns-is-layout-flex\">\n<div class=\"wp-block-column is-layout-flow wp-block-column-is-layout-flow\" style=\"flex-basis:66.66%\">\n<div class=\"wp-block-group is-layout-constrained wp-block-group-is-layout-constrained\" style=\"margin-top:0;margin-bottom:0;padding-top:var(--wp--preset--spacing--80);padding-bottom:var(--wp--preset--spacing--80)\">\n<p>Suntem \u00eenc\u00e2nta\u0163i s\u0103 anun\u0163\u0103m debutul primului Simpozion Intoductiv pe data de 05 aprilie cu titlul&nbsp;<strong>Introducere \u00een Imunologie \u0219i Medicin\u0103 Func\u0163ional\u0103<\/strong>. <\/p>\n\n\n\n<p>Simpozionul Introductiv se desf\u0103\u0219oar\u0103<strong>&nbsp;online cu \u00eenregistr\u0103ri video<\/strong>&nbsp;\u0219i are o durat\u0103 de aproximativ&nbsp;<strong>8 ore<\/strong>&nbsp;inclusiv pauze. Taxa de participare este de&nbsp;<strong>500 RON<\/strong>. Dup\u0103 \u00eenregistrare ve\u0163i primi link-ul de acces la platforma de studiu.<\/p>\n\n\n\n<p><strong>Agenda:<\/strong><\/p>\n\n\n\n<p><strong>I. Introducere \u00een \u0219tiin\u0163e morfo-func\u0163ionale \u0219i moleculare. Obiective \u0219i scop.<\/strong><br>Dr. Julia Ferencz<\/p>\n\n\n\n<p><br><strong>II. Biochimie: \u00cen\u0163elegerea proceselor biochimice esen\u0163iale \u00een func\u0163ionarea normal\u0103 a organismului<\/strong><br>Biochim. Ana Nitu, Dr. Julia Ferencz<\/p>\n\n\n\n<p><br><strong>III. Fiziologie: Recunoa\u0219terea proceselor fiziologice fundamentale \u00een \u00eentre\u0163inerea s\u0103n\u0103t\u0103\u0163ii \u0219i a echilibrului corpului<\/strong><br>Biol. Gianina Pop<\/p>\n\n\n\n<p><br><strong>IV. Fiziopatologie: \u00cen\u0163elegerea modific\u0103rilor patologice ale func\u0163iilor corpului \u0219i impactul acestora asupra s\u0103n\u0103t\u0103\u0163ii<\/strong><br>Dr. Julia Ferencz<\/p>\n\n\n\n<p><br><strong>V. Imunologie: \u00cen\u0163elegerea mecanismelor de ap\u0103rare ale organismului \u00eempotriva agen\u0163ilor patogeni \u0219i a modului \u00een care acestea contribuie la men\u0163inerea s\u0103n\u0103t\u0103\u0163ii<\/strong><br>Dr. Julia Ferencz<\/p>\n\n\n\n<p><br><strong>VI. Introducere \u00een medicina func\u0163ional\u0103: Abordarea personalizat\u0103, prevenirea \u0219i corectarea disfunc\u0163iilor metabolice<\/strong><br>Dr. Robert Barring<\/p>\n\n\n\n<div style=\"height:25px\" aria-hidden=\"true\" class=\"wp-block-spacer\"><\/div>\n\n\n\n<div class=\"wp-block-group is-style-default has-white-color has-dark-background-color has-text-color has-background has-link-color wp-elements-c94f9a2289aa926ea33ba8e73d2e1c29 is-layout-constrained wp-block-group-is-layout-constrained\">\n<p><strong>Obiective:<\/strong><\/p>\n\n\n\n<ul class=\"wp-block-list\">\n<li>\u00cen\u0163elegerea principiilor de baz\u0103 ale imunologiei, biochimiei, fiziologiei, fiziopatologiei \u0219i modul \u00een care acestea se aplic\u0103 \u00een medicina func\u0163ional\u0103.<\/li>\n\n\n\n<li>Explorarea conexiunii dintre sistemul imunitar, inflama\u0163ie \u0219i bolile cronice, precum \u0219i identificarea factorilor care influen\u0163eaz\u0103 r\u0103spunsul imun.<\/li>\n\n\n\n<li>Familiarizarea cu abord\u0103rile medicinei func\u0163ionale \u00een optimizarea s\u0103n\u0103t\u0103\u0163ii imunitare prin nutri\u0163ie, stil de via\u0163\u0103 \u0219i terapii personalizate.<\/li>\n<\/ul>\n\n\n\n<p><strong>La sf\u00e2r\u0219itul programului de preg\u0103tire, ne a\u0219tept\u0103m ca participantul s\u0103 fie capabil s\u0103:<\/strong><\/p>\n\n\n\n<ul class=\"wp-block-list\">\n<li>\u00cen\u0163eleaga principiile medicinei func\u0163ionale \u00een tratarea afec\u0163iunilor cronice \u0219i \u00een personalizarea tratamentelor.<\/li>\n\n\n\n<li>Explice mecanismele sistemului imunitar \u0219i impactul acestora asupra s\u0103n\u0103t\u0103\u0163ii.<\/li>\n\n\n\n<li>\u00cen\u0163eleaga integrarea terapiilor alternative \u00een abord\u0103rile de tratament conven\u0163ionale.<\/li>\n\n\n\n<li>\u00cen\u0163eleaga elaborarea planurilor de tratament personalizate, adaptate nevoilor individuale ale pacientului.<\/li>\n\n\n\n<li>Dezvolte \u0219i implementeze strategii eficiente de prevenire a bolilor cronice printr-un stil de via\u0163\u0103 s\u0103n\u0103tos.<\/li>\n\n\n\n<li>Promoveze adoptarea unui stil de via\u0163\u0103 echilibrat pentru prevenirea \u0219i gestionarea afec\u0163iunilor cronice.<\/li>\n<\/ul>\n<\/div>\n<\/div>\n<\/div>\n\n\n\n<div class=\"wp-block-column is-layout-flow wp-block-column-is-layout-flow\" style=\"flex-basis:33.33%\"><\/div>\n<\/div>\n\n\n\n<p><\/p>\n","protected":false},"excerpt":{"rendered":"<p>Suntem \u00eenc\u00e2nta\u0163i s\u0103 anun\u0163\u0103m debutul primului Simpozion Intoductiv pe data de 05 aprilie cu titlul&nbsp;Introducere \u00een Imunologie \u0219i Medicin\u0103 Func\u0163ional\u0103. Simpozionul Introductiv se desf\u0103\u0219oar\u0103&nbsp;online cu \u00eenregistr\u0103ri video&nbsp;\u0219i are o durat\u0103 de aproximativ&nbsp;8 ore&nbsp;inclusiv pauze. Taxa de participare este de&nbsp;500 RON. Dup\u0103 \u00eenregistrare ve\u0163i primi link-ul de acces la platforma de studiu. Agenda: I. Introducere \u00een [&hellip;]<\/p>\n","protected":false},"author":2,"featured_media":0,"parent":746,"menu_order":0,"comment_status":"closed","ping_status":"closed","template":"","meta":{"_acf_changed":false,"footnotes":""},"class_list":["post-738","page","type-page","status-publish","hentry"],"acf":[],"_links":{"self":[{"href":"https:\/\/medicinafunctionala.ro\/en\/wp-json\/wp\/v2\/pages\/738","targetHints":{"allow":["GET"]}}],"collection":[{"href":"https:\/\/medicinafunctionala.ro\/en\/wp-json\/wp\/v2\/pages"}],"about":[{"href":"https:\/\/medicinafunctionala.ro\/en\/wp-json\/wp\/v2\/types\/page"}],"author":[{"embeddable":true,"href":"https:\/\/medicinafunctionala.ro\/en\/wp-json\/wp\/v2\/users\/2"}],"replies":[{"embeddable":true,"href":"https:\/\/medicinafunctionala.ro\/en\/wp-json\/wp\/v2\/comments?post=738"}],"version-history":[{"count":10,"href":"https:\/\/medicinafunctionala.ro\/en\/wp-json\/wp\/v2\/pages\/738\/revisions"}],"predecessor-version":[{"id":2183,"href":"https:\/\/medicinafunctionala.ro\/en\/wp-json\/wp\/v2\/pages\/738\/revisions\/2183"}],"up":[{"embeddable":true,"href":"https:\/\/medicinafunctionala.ro\/en\/wp-json\/wp\/v2\/pages\/746"}],"wp:attachment":[{"href":"https:\/\/medicinafunctionala.ro\/en\/wp-json\/wp\/v2\/media?parent=738"}],"curies":[{"name":"wp","href":"https:\/\/api.w.org\/{rel}","templated":true}]}}