{"id":730,"date":"2024-06-13T07:58:48","date_gmt":"2024-06-13T07:58:48","guid":{"rendered":"https:\/\/2025.medicinafunctionala.ro\/acasa\/"},"modified":"2025-07-02T10:57:17","modified_gmt":"2025-07-02T10:57:17","slug":"acasa","status":"publish","type":"page","link":"https:\/\/medicinafunctionala.ro\/en\/","title":{"rendered":"Acas\u0103"},"content":{"rendered":"\n<div class=\"wp-block-group alignfull is-style-top-home is-layout-constrained wp-container-core-group-is-layout-5bfee22d wp-block-group-is-layout-constrained\" style=\"padding-top:0;padding-bottom:0\">\n<div class=\"wp-block-columns is-layout-flex wp-container-core-columns-is-layout-28f84493 wp-block-columns-is-layout-flex\">\n<div class=\"wp-block-column is-vertically-aligned-center is-layout-flow wp-block-column-is-layout-flow\" style=\"flex-basis:33.33%\">\n<p>Centrul de Formare \u00een<\/p>\n\n\n\n<h2 class=\"wp-block-heading\"><strong>Medicina Func\u0163ional\u0103<br>\u0219i a Mediului<\/strong><\/h2>\n\n\n\n<p class=\"is-style-default\" style=\"margin-top:var(--wp--preset--spacing--50)\">Descoper\u0103 Viitorul S\u0103n\u0103t\u0103\u0163ii: Primul Centru de Formare \u00een Medicina Func\u0163ional\u0103 \u0219i a Mediului din Rom\u00e2nia!<\/p>\n\n\n\n<div class=\"wp-block-buttons is-style-default is-layout-flex wp-block-buttons-is-layout-flex\" style=\"margin-top:var(--wp--preset--spacing--70)\">\n<div class=\"wp-block-button is-style-fill\"><a class=\"wp-block-button__link wp-element-button\" href=\"https:\/\/medicinafunctionala.ro\/en\/educatie\/fundamental\/\">Vezi Simpozionul Fundamental<\/a><\/div>\n\n\n\n<div class=\"wp-block-button is-style-white\"><a class=\"wp-block-button__link wp-element-button\" href=\"#newsletter\">Abonare la newsletter<\/a><\/div>\n<\/div>\n<\/div>\n\n\n\n<div class=\"wp-block-column is-layout-flow wp-block-column-is-layout-flow\" style=\"flex-basis:66.66%\">\n<figure class=\"wp-block-image size-large\"><img loading=\"lazy\" decoding=\"async\" width=\"1024\" height=\"683\" src=\"https:\/\/medicinafunctionala.ro\/wp-content\/uploads\/2024\/06\/home-1024x683.jpg\" alt=\"\" class=\"wp-image-40\" srcset=\"https:\/\/medicinafunctionala.ro\/wp-content\/uploads\/2024\/06\/home-1024x683.jpg 1024w, https:\/\/medicinafunctionala.ro\/wp-content\/uploads\/2024\/06\/home-600x400.jpg 600w, https:\/\/medicinafunctionala.ro\/wp-content\/uploads\/2024\/06\/home-300x200.jpg 300w, https:\/\/medicinafunctionala.ro\/wp-content\/uploads\/2024\/06\/home-768x512.jpg 768w, https:\/\/medicinafunctionala.ro\/wp-content\/uploads\/2024\/06\/home-1536x1024.jpg 1536w, https:\/\/medicinafunctionala.ro\/wp-content\/uploads\/2024\/06\/home-2048x1365.jpg 2048w, https:\/\/medicinafunctionala.ro\/wp-content\/uploads\/2024\/06\/home-40x27.jpg 40w, https:\/\/medicinafunctionala.ro\/wp-content\/uploads\/2024\/06\/home-1600x1067.jpg 1600w\" sizes=\"auto, (max-width: 1024px) 100vw, 1024px\" \/><\/figure>\n<\/div>\n<\/div>\n<\/div>\n\n\n\n<div style=\"height:170px\" aria-hidden=\"true\" class=\"wp-block-spacer\"><\/div>\n\n\n\n<h3 class=\"wp-block-heading has-text-align-center\" style=\"padding-right:var(--wp--preset--spacing--70);padding-left:var(--wp--preset--spacing--70)\"><strong>Transform\u0103m vie\u0163i prin medicina func\u0163ional\u0103: \u00eempreun\u0103, cre\u0103m un viitor \u00een care s\u0103n\u0103tatea holistic\u0103 \u0219i preven\u0163ia sunt prioritare, oferind solu\u0163ii personalizate pentru fiecare individ.<\/strong><\/h3>\n\n\n\n<div style=\"height:50px\" aria-hidden=\"true\" class=\"wp-block-spacer\"><\/div>\n\n\n\n<figure class=\"wp-block-image aligncenter size-full is-resized\"><a href=\"https:\/\/medicinafunctionala.ro\/wp-content\/uploads\/2025\/05\/Illustrator_TdRK5uQLur.png\" data-lbwps-width=\"1373\" data-lbwps-height=\"2110\" data-lbwps-srcsmall=\"https:\/\/medicinafunctionala.ro\/wp-content\/uploads\/2025\/05\/Illustrator_TdRK5uQLur-26x40.png\"><img loading=\"lazy\" decoding=\"async\" width=\"1373\" height=\"2110\" src=\"https:\/\/medicinafunctionala.ro\/wp-content\/uploads\/2025\/05\/Illustrator_TdRK5uQLur.png\" alt=\"\" class=\"wp-image-2187\" style=\"width:800px\" srcset=\"https:\/\/medicinafunctionala.ro\/wp-content\/uploads\/2025\/05\/Illustrator_TdRK5uQLur.png 1373w, https:\/\/medicinafunctionala.ro\/wp-content\/uploads\/2025\/05\/Illustrator_TdRK5uQLur-195x300.png 195w, https:\/\/medicinafunctionala.ro\/wp-content\/uploads\/2025\/05\/Illustrator_TdRK5uQLur-666x1024.png 666w, https:\/\/medicinafunctionala.ro\/wp-content\/uploads\/2025\/05\/Illustrator_TdRK5uQLur-768x1180.png 768w, https:\/\/medicinafunctionala.ro\/wp-content\/uploads\/2025\/05\/Illustrator_TdRK5uQLur-999x1536.png 999w, https:\/\/medicinafunctionala.ro\/wp-content\/uploads\/2025\/05\/Illustrator_TdRK5uQLur-1333x2048.png 1333w, https:\/\/medicinafunctionala.ro\/wp-content\/uploads\/2025\/05\/Illustrator_TdRK5uQLur-26x40.png 26w, https:\/\/medicinafunctionala.ro\/wp-content\/uploads\/2025\/05\/Illustrator_TdRK5uQLur-1041x1600.png 1041w, https:\/\/medicinafunctionala.ro\/wp-content\/uploads\/2025\/05\/Illustrator_TdRK5uQLur-600x922.png 600w\" sizes=\"auto, (max-width: 1373px) 100vw, 1373px\" \/><\/a><\/figure>\n\n\n\n<figure class=\"wp-block-image aligncenter size-full is-resized\"><a href=\"https:\/\/medicinafunctionala.ro\/wp-content\/uploads\/2024\/12\/Illustrator_u5Hz0uTKse.png\" data-lbwps-width=\"1377\" data-lbwps-height=\"759\" data-lbwps-srcsmall=\"https:\/\/medicinafunctionala.ro\/wp-content\/uploads\/2024\/12\/Illustrator_u5Hz0uTKse-40x22.png\"><img loading=\"lazy\" decoding=\"async\" width=\"1377\" height=\"759\" src=\"https:\/\/medicinafunctionala.ro\/wp-content\/uploads\/2024\/12\/Illustrator_u5Hz0uTKse.png\" alt=\"\" class=\"wp-image-581\" style=\"width:800px\" srcset=\"https:\/\/medicinafunctionala.ro\/wp-content\/uploads\/2024\/12\/Illustrator_u5Hz0uTKse.png 1377w, https:\/\/medicinafunctionala.ro\/wp-content\/uploads\/2024\/12\/Illustrator_u5Hz0uTKse-600x331.png 600w, https:\/\/medicinafunctionala.ro\/wp-content\/uploads\/2024\/12\/Illustrator_u5Hz0uTKse-300x165.png 300w, https:\/\/medicinafunctionala.ro\/wp-content\/uploads\/2024\/12\/Illustrator_u5Hz0uTKse-1024x564.png 1024w, https:\/\/medicinafunctionala.ro\/wp-content\/uploads\/2024\/12\/Illustrator_u5Hz0uTKse-768x423.png 768w, https:\/\/medicinafunctionala.ro\/wp-content\/uploads\/2024\/12\/Illustrator_u5Hz0uTKse-40x22.png 40w\" sizes=\"auto, (max-width: 1377px) 100vw, 1377px\" \/><\/a><\/figure>\n\n\n\n<p><\/p>\n\n\n\n<div\n        class=\"ff-content-element-white position-relative pt-10 alignfull \"\n        id=\"\"\n>\n    <div class=\"bg logo-pattern logo-pattern-primary parallax-bg\" role=\"presentation\"><\/div>\n\n    <div class=\"container-wide\">\n\n        <div class=\"container\">\n            <h2 class=\"big-ass\">\n                <strong>\n                    Cursurile noastre                <\/strong>\n            <\/h2>\n        <\/div>\n\n        <div class=\"row\">\n            <div class=\"col-md-6\">\n            <\/div>\n            <div class=\"col-md-6\">\n                                    <img decoding=\"async\" class=\"img-fluid\" src=\"https:\/\/medicinafunctionala.ro\/wp-content\/uploads\/2024\/06\/iStock-1472033620.jpg\"\n                         alt=\"\">\n                            <\/div>\n        <\/div>\n\n        <div class=\"container\">\n            <div class=\"row\">\n                <div class=\"col-md-5\">\n                    <div class=\"inner-blocks\">\n                        <div id='ff-portal' template=\"[[&quot;core\\\/heading&quot;,{&quot;placeholder&quot;:&quot;Lorem ipsum&quot;,&quot;level&quot;:3}],[&quot;core\\\/paragraph&quot;,{&quot;placeholder&quot;:&quot;Lorem ipsum&quot;}]]\" templateLock=\"&quot;all&quot;\"><\/div>                    <\/div>\n                <\/div>\n            <\/div>\n        <\/div>\n    <\/div>\n    <div class=\"after\" role=\"presentation\"><\/div>\n<\/div>\n\n\n\n<div\n        class=\"ff-content-element-light position-relative pt-10 alignfull \"\n        id=\"\"\n>\n    <div class=\"bg logo-pattern logo-pattern-white parallax-bg\" role=\"presentation\"><\/div>\n\n    <div class=\"container-wide\">\n\n        <div class=\"container\">\n            <h2 class=\"big-ass\">\n                <strong>\n                    Tragere la sor\u0163i                <\/strong>\n            <\/h2>\n        <\/div>\n\n        <div class=\"container\">\n            <div class=\"row\">\n                <div class=\"col-md-7\">\n                <\/div>\n                <div class=\"col-md-5\">\n                    <div class=\"inner-blocks\">\n                        <div id='ff-portal' template=\"[[&quot;core\\\/heading&quot;,{&quot;placeholder&quot;:&quot;Lorem ipsum&quot;,&quot;level&quot;:3}],[&quot;core\\\/paragraph&quot;,{&quot;placeholder&quot;:&quot;Lorem ipsum&quot;}]]\" templateLock=\"&quot;all&quot;\"><\/div>                    <\/div>\n                <\/div>\n            <\/div>\n        <\/div>\n\n        <div class=\"row\">\n            <div class=\"col-md-8 p-0\">\n                                    <img decoding=\"async\" class=\"block-image img-fluid\" src=\"https:\/\/medicinafunctionala.ro\/wp-content\/uploads\/2024\/06\/iStock-1300311961.jpg\"\n                         alt=\"\">\n                            <\/div>\n            <div class=\"col-md-4\">\n            <\/div>\n        <\/div>\n    <\/div>\n    <div class=\"after\" role=\"presentation\"><\/div>\n<\/div>\n\n\n\n<div style=\"height:200px\" aria-hidden=\"true\" class=\"wp-block-spacer\"><\/div>\n\n\n\n<div\n        class=\"ff-content-element-course-header position-relative pt-10 alignfull bg-dark \"\n        id=\"\"\n>\n    <div class=\"bg logo-pattern logo-pattern-white-mild parallax-bg\" role=\"presentation\"><\/div>\n\n    <div class=\"container-wide position-relative z-1\">\n\n        <div class=\"inner-blocks p-3 p-md-5 bg-white\">\n            <div id='ff-portal' template=\"[[&quot;core\\\/heading&quot;,{&quot;placeholder&quot;:&quot;Lorem ipsum&quot;,&quot;level&quot;:3}],[&quot;core\\\/paragraph&quot;,{&quot;placeholder&quot;:&quot;Lorem ipsum&quot;}]]\" templateLock=\"&quot;all&quot;\"><\/div>        <\/div>\n\n        <div class=\"row image-row\">\n            <div class=\"col-md-4\">\n            <\/div>\n            <div class=\"col-md-8 p-0\">\n                                    <img decoding=\"async\" class=\"block-image img-fluid\" src=\"https:\/\/medicinafunctionala.ro\/wp-content\/uploads\/2024\/06\/pexels-pixabay-260907-scaled.jpg\"\n                         alt=\"\">\n                            <\/div>\n        <\/div>\n    <\/div>\n    <div class=\"after\" role=\"presentation\"><\/div>\n<\/div>\n\n\n\n<div\n        class=\"ff-content-element-light position-relative pt-10 alignfull \"\n        id=\"\"\n>\n    <div class=\"bg logo-pattern logo-pattern-white parallax-bg\" role=\"presentation\"><\/div>\n\n    <div class=\"container-wide\">\n\n        <div class=\"container\">\n            <h2 class=\"big-ass\">\n                <strong>\n                    Cine poate participa la curs?                <\/strong>\n            <\/h2>\n        <\/div>\n\n        <div class=\"container\">\n            <div class=\"row\">\n                <div class=\"col-md-7\">\n                <\/div>\n                <div class=\"col-md-5\">\n                    <div class=\"inner-blocks\">\n                        <div id='ff-portal' template=\"[[&quot;core\\\/heading&quot;,{&quot;placeholder&quot;:&quot;Lorem ipsum&quot;,&quot;level&quot;:3}],[&quot;core\\\/paragraph&quot;,{&quot;placeholder&quot;:&quot;Lorem ipsum&quot;}]]\" templateLock=\"&quot;all&quot;\"><\/div>                    <\/div>\n                <\/div>\n            <\/div>\n        <\/div>\n\n        <div class=\"row\">\n            <div class=\"col-md-8 p-0\">\n                                    <img decoding=\"async\" class=\"block-image img-fluid\" src=\"https:\/\/medicinafunctionala.ro\/wp-content\/uploads\/2024\/06\/iStock-1472033620.jpg\"\n                         alt=\"\">\n                            <\/div>\n            <div class=\"col-md-4\">\n            <\/div>\n        <\/div>\n    <\/div>\n    <div class=\"after\" role=\"presentation\"><\/div>\n<\/div>\n","protected":false},"excerpt":{"rendered":"<p>Centrul de Formare \u00een Medicina Func\u0163ional\u0103\u0219i a Mediului Descoper\u0103 Viitorul S\u0103n\u0103t\u0103\u0163ii: Primul Centru de Formare \u00een Medicina Func\u0163ional\u0103 \u0219i a Mediului din Rom\u00e2nia! Transform\u0103m vie\u0163i prin medicina func\u0163ional\u0103: \u00eempreun\u0103, cre\u0103m un viitor \u00een care s\u0103n\u0103tatea holistic\u0103 \u0219i preven\u0163ia sunt prioritare, oferind solu\u0163ii personalizate pentru fiecare individ.<\/p>\n","protected":false},"author":1,"featured_media":0,"parent":0,"menu_order":7,"comment_status":"closed","ping_status":"closed","template":"","meta":{"_acf_changed":false,"footnotes":""},"class_list":["post-730","page","type-page","status-publish","hentry"],"acf":[],"_links":{"self":[{"href":"https:\/\/medicinafunctionala.ro\/en\/wp-json\/wp\/v2\/pages\/730","targetHints":{"allow":["GET"]}}],"collection":[{"href":"https:\/\/medicinafunctionala.ro\/en\/wp-json\/wp\/v2\/pages"}],"about":[{"href":"https:\/\/medicinafunctionala.ro\/en\/wp-json\/wp\/v2\/types\/page"}],"author":[{"embeddable":true,"href":"https:\/\/medicinafunctionala.ro\/en\/wp-json\/wp\/v2\/users\/1"}],"replies":[{"embeddable":true,"href":"https:\/\/medicinafunctionala.ro\/en\/wp-json\/wp\/v2\/comments?post=730"}],"version-history":[{"count":10,"href":"https:\/\/medicinafunctionala.ro\/en\/wp-json\/wp\/v2\/pages\/730\/revisions"}],"predecessor-version":[{"id":2868,"href":"https:\/\/medicinafunctionala.ro\/en\/wp-json\/wp\/v2\/pages\/730\/revisions\/2868"}],"wp:attachment":[{"href":"https:\/\/medicinafunctionala.ro\/en\/wp-json\/wp\/v2\/media?parent=730"}],"curies":[{"name":"wp","href":"https:\/\/api.w.org\/{rel}","templated":true}]}}